{"id":500,"date":"2015-06-12T02:25:08","date_gmt":"2015-06-11T23:25:08","guid":{"rendered":"http:\/\/demo.vegatheme.com\/calliope\/?page_id=2"},"modified":"2022-09-20T16:34:02","modified_gmt":"2022-09-20T13:34:02","slug":"home-slider","status":"publish","type":"page","link":"https:\/\/efevincisletme.com\/","title":{"rendered":"Home Slider"},"content":{"rendered":"<p>[vc_row fullwidth=&#8221;true&#8221;][vc_column]\t\r\n\t<div class=\"home-top-slider\" id=\"slider-wrap\">\r\n\t\t<div class=\"just_pattern\"><\/div>\t\r\n\t\t<div id=\"wrapper-slider\">\r\n\t\t\t<div id=\"controls\">\r\n\t\t\t\t<div class=\"prev\"><\/div>\r\n\t\t\t\t<div class=\"next\"><\/div>\r\n\t\t\t<\/div>\r\n\t\t<\/div>\r\n\t\t\r\n\t\t<a href=\"#scroll-link\" class=\"scroll scroll-down\"><\/a>\r\n\t\t\r\n\t<\/div>\r\n\t<div class=\"small-text\">- g\u00fcven ve kalitenin ismi -<\/div>\t<div class=\"big-text flippy\">\r\n\t\t<\/p>\n<ul>\n<li><strong>EfeVin\u00e7\u0130\u015fletme<\/strong><\/li>\n<li><strong>SON MODEL MAK\u0130NALAR<\/strong><\/li>\n<li><strong>\u0130\u015e ODAKLI\u00a0 \u00c7AL\u0130\u015eMA<\/strong><\/li>\n<\/ul>\n<p>\t<\/div>\r\n\r\n\t<script type=\"text\/javascript\">\r\n\r\n\t\t(function($) { \"use strict\";\r\n\t\t\/\/Home Background Slider\r\n\t\t$(window).load(function () {\r\n            $.mbBgndGallery.buildGallery({\r\n                containment:\"#slider-wrap\",\r\n                timer:2000,\r\n                effTimer:3000,\r\n                controls:\"#controls\",\r\n                grayScale:false,\r\n                preserveWidth:false,\r\n                effect:\"zoom\",\r\n\/\/\t\t\t\teffect:{enter:{transform:\"scale(\"+(1+ Math.random()*2)+\")\",opacity:0},exit:{transform:\"scale(\"+(Math.random()*2)+\")\",opacity:0}},\r\n\r\n                \/\/ If your server all``ow directory listing you can use:\r\n                \/\/ (however this doesn't work locally on your computer)\r\n\r\n                \/\/folderPath:\"testImage\/\",\r\n\r\n                \/\/ else:\r\n                \r\n                images:[\r\n                                 \"https:\/\/efevincisletme.com\/wp-content\/uploads\/2020\/08\/1.jpg\",\r\n                                  \"https:\/\/efevincisletme.com\/wp-content\/uploads\/2020\/08\/2.jpg\",\r\n                                  \"https:\/\/efevincisletme.com\/wp-content\/uploads\/2020\/08\/3.jpg\",\r\n                                  ],\r\n\r\n                onStart:function(){},\r\n                onPause:function(){},\r\n                onPlay:function(opt){},\r\n                onChange:function(opt,idx){},\r\n                onNext:function(opt){},\r\n                onPrev:function(opt){}\r\n            });\r\n\t\t});\r\n\t\t})(jQuery); \r\n\t<\/script>\r\n\r\n\t\t\r\n\t<div class=\"social-top\">\r\n\t\t\t\t<div class=\"icon-soc\">\r\n\t\t\t<a target=\"_blank\" href=\"#\"><i class=\"fa fa-twitter\"><\/i><\/a>\r\n\t\t<\/div>\r\n\t\t\t\t\t\t<div class=\"icon-soc\">\r\n\t\t\t<a target=\"_blank\" href=\"#\"><i class=\"fa fa-linkedin\"><\/i><\/a>\r\n\t\t<\/div>\r\n\t\t\t\t\t\t<div class=\"icon-soc\">\r\n\t\t\t<a target=\"_blank\" href=\"#\"><i class=\"fa fa-github\"><\/i><\/a>\r\n\t\t<\/div>\r\n\t\t\t\t\t\t<div class=\"icon-soc\">\r\n\t\t\t<a target=\"_blank\" href=\"#\"><i class=\"fa fa-google-plus\"><\/i><\/a>\r\n\t\t<\/div>\r\n\t\t\t\t\t<\/div>\r\n\t\r\n\t[\/vc_column][\/vc_row][vc_row foot=&#8221;yes&#8221; fullwidth=&#8221;true&#8221; el_id=&#8221;about&#8221;][vc_column][vc_row_inner css=&#8221;.vc_custom_1598540152834{background-image: url(http:\/\/efevincisletme.com\/wp-content\/uploads\/2020\/08\/2.jpg?id=554) !important;background-position: center !important;background-repeat: no-repeat !important;background-size: cover !important;}&#8221;][vc_column_inner]\t\r\n\t<div class=\"head-page\">\r\n\t\t<h1 style=\"\">HAKKIMIZDA<\/h1>\t\t<div class=\"sep-center\" style=\"\"><\/div> \r\n\t\t<p style=\"\">1995&#8217;DEN G\u00dcN\u00dcM\u00dcZE<\/p>\t<\/div>\r\n\r\n\t[\/vc_column_inner][\/vc_row_inner][vc_row_inner css=&#8221;.vc_custom_1434100302866{padding-top: 50px !important;}&#8221;][vc_column_inner width=&#8221;1\/2&#8243;]<h6 style=\"\">HAKKIMIZDA<\/h6>[vc_column_text]BU ALAN G\u00dcNDELLENMEKTED\u0130R&#8230;[\/vc_column_text][\/vc_column_inner][vc_column_inner width=&#8221;1\/2&#8243;]\t\r\n\t<ul class=\"skill\">\r\n\t\t<li class=\"tipped\" data-title=\"G\u00dcVEN\u0130L\u0130RL\u0130K 99%\"  data-tipper-options='{\"direction\":\"right\",\"follow\":\"true\"}'><span class=\"bar bar-prc4\" style=\"width: 99%;\"><\/span><p>G\u00dcVEN\u0130L\u0130RL\u0130K<\/p><\/li>\r\n\t<\/ul>\r\n\r\n\t\t\r\n\t<ul class=\"skill\">\r\n\t\t<li class=\"tipped\" data-title=\"25 YILLIK TECR\u00dcBE 80%\"  data-tipper-options='{\"direction\":\"right\",\"follow\":\"true\"}'><span class=\"bar bar-prc4\" style=\"width: 80%;\"><\/span><p>25 YILLIK TECR\u00dcBE<\/p><\/li>\r\n\t<\/ul>\r\n\r\n\t\t\r\n\t<ul class=\"skill\">\r\n\t\t<li class=\"tipped\" data-title=\"UZMAN PERSONEL KADROSU 95%\"  data-tipper-options='{\"direction\":\"right\",\"follow\":\"true\"}'><span class=\"bar bar-prc4\" style=\"width: 95%;\"><\/span><p>UZMAN PERSONEL KADROSU<\/p><\/li>\r\n\t<\/ul>\r\n\r\n\t\t\r\n\t<ul class=\"skill\">\r\n\t\t<li class=\"tipped\" data-title=\"\u0130\u015e AHLAKI 100%\"  data-tipper-options='{\"direction\":\"right\",\"follow\":\"true\"}'><span class=\"bar bar-prc4\" style=\"width: 100%;\"><\/span><p>\u0130\u015e AHLAKI<\/p><\/li>\r\n\t<\/ul>\r\n\r\n\t[\/vc_column_inner][\/vc_row_inner]<div class= \"line-separator\" style=\"\"><\/div>[vc_row_inner][vc_column_inner width=&#8221;1\/2&#8243;][vc_single_image image=&#8221;564&#8243; img_size=&#8221;full&#8221; alignment=&#8221;center&#8221;][\/vc_column_inner][vc_column_inner width=&#8221;1\/2&#8243;]<h6 style=\"\">LAST WORK.<\/h6>[vc_column_text css=&#8221;.vc_custom_1434103734139{margin-bottom: 0px !important;}&#8221;]WE&#8217;RE A CLOSE TEAM OF CREATIVES, DESIGNERS &amp; DEVELOPERS WHO WORK TOGETHER TO CREATE BEAUTIFUL, ENGAGING DIGITAL EXPERIENCES.<\/p>\n<p>Cum sociis natoque penatibus et magnis dis parturient montes, nascetur ridiculus mus.Praesent commodo arcu massa. Natoque penatibus et magnis dis parturient montes.[\/vc_column_text]\r\n\t<div class=\"cl-effect-10 effect-btn\"><a   data-hover=\"Services\"><span>What We Offer<\/span><\/a><\/div> \r\n\r\n\t[\/vc_column_inner][\/vc_row_inner]<div class= \"line-separator\" style=\"\"><\/div>[vc_row_inner css=&#8221;.vc_custom_1434102365996{padding-bottom: 50px !important;}&#8221;][vc_column_inner width=&#8221;1\/3&#8243;]<h6 style=\"\">WHAT WE DO.<\/h6>[vc_column_text]Cum sociis natoque penatibus et magnis dis parturient montes, nascetur ridiculus mus.Praesent commodo arcu massa. Natoque penatibus et magnis dis parturient.[\/vc_column_text][\/vc_column_inner][vc_column_inner width=&#8221;1\/3&#8243;]<h6 style=\"\">WHAT WE ACHIEVE.<\/h6>[vc_column_text]Cum sociis natoque penatibus et magnis dis parturient montes, nascetur ridiculus mus.Praesent commodo arcu massa. Natoque penatibus et magnis dis parturient.[\/vc_column_text][\/vc_column_inner][vc_column_inner width=&#8221;1\/3&#8243;]<h6 style=\"\">AT THE END.<\/h6>[vc_column_text]Cum sociis natoque penatibus et magnis dis parturient montes, nascetur ridiculus mus.Praesent commodo arcu massa. Natoque penatibus et magnis dis parturient.[\/vc_column_text][\/vc_column_inner][\/vc_row_inner][\/vc_column][\/vc_row][vc_row foot=&#8221;yes&#8221; fullwidth=&#8221;true&#8221; el_id=&#8221;team&#8221;][vc_column][vc_row_inner css=&#8221;.vc_custom_1598100342716{background-image: url(http:\/\/efevincisletme.com\/wp-content\/uploads\/2020\/08\/39463031-crane-wallpapers_2.jpg?id=566) !important;background-position: center !important;background-repeat: no-repeat !important;background-size: cover !important;}&#8221;][vc_column_inner]\t\r\n\t<div class=\"head-page\">\r\n\t\t<h1 style=\"\">V\u0130ZYON & M\u0130SYON<\/h1>\t\t<div class=\"sep-center\" style=\"\"><\/div> \r\n\t\t<p style=\"\">T\u00dcM PLATFORMLARDA MUHTE\u015eEM M\u00dc\u015eTER\u0130LER \u0130\u00c7\u0130N MUHTE\u015eEM \u00c7\u00d6Z\u00dcMLER \u00dcRET\u0130YORUZ.<\/p>\t<\/div>\r\n\r\n\t[\/vc_column_inner][\/vc_row_inner][vc_row_inner css=&#8221;.vc_custom_1434104760340{padding-top: 50px !important;}&#8221;][vc_column_inner]\r\n\t<div class=\"team-info\">\r\n\t\t<div class=\"team-img\">\r\n\t\t\t<img src=\"https:\/\/efevincisletme.com\/wp-content\/uploads\/2020\/08\/labeled-diagram-of-a-crane-truck-wiring-diagram-pass.jpg\" alt=\"\"\/>\r\n\t\t<\/div>\r\n\t\t<h6>V\u0130ZYONUMUZ<\/h6>\r\n\t\t<div class=\"team-subtext\">DAHA \u0130Y\u0130 B\u0130R H\u0130ZMET \u0130\u00c7\u0130N<\/div>\r\n\t\t<p>BU ALAN G\u00dcNCELLENMEKTED\u0130R<\/p>\r\n\t\t<div class=\"social-team\">\r\n\t\t\t<ul class=\"team-social\">\r\n\t\t\t\t\t\t\t\t<li class=\"icon-team\">\r\n\t\t\t\t\t<a href=\"#\" target=\"_blank\"><i class=\"fa fa-twitter\"><\/i><\/a>\t\t\t\t<\/li>\r\n\t\t\t\t\t\t\t\t\t\t\t\t<li class=\"icon-team\">\r\n\t\t\t\t\t<a href=\"#\" target=\"_blank\"><i class=\"fa fa-linkedin\"><\/i><\/a>\t\t\t\t<\/li>\r\n\t\t\t\t\t\t\t\t\t\t\t\t<li class=\"icon-team\">\r\n\t\t\t\t\t<a href=\"#\" target=\"_blank\"><i class=\"fa fa-github\"><\/i><\/a>\t\t\t\t<\/li>\r\n\t\t\t\t\t\t\t\t\t\t\t\t<li class=\"icon-team\">\r\n\t\t\t\t\t<a href=\"#\" target=\"_blank\"><i class=\"fa fa-instagram\"><\/i><\/a>\t\t\t\t<\/li>\r\n\t\t\t\t\t\t\t<\/ul>\t\r\n\t\t<\/div>\r\n\t<\/div>\r\n\r\n\t[vc_empty_space el_class=&#8221;clearfix&#8221;]\r\n\t<div class=\"team-info1\">\r\n\t\t<div class=\"team-img1\">\r\n\t\t\t<img src=\"https:\/\/efevincisletme.com\/wp-content\/uploads\/2020\/08\/labeled-diagram-of-a-crane-truck-wiring-diagram-pass.jpg\" alt=\"\"\/>\r\n\t\t<\/div>\r\n\t\t<h6>M\u0130SYONUMUZ<\/h6>\r\n\t\t<div class=\"team-subtext1\">DAHA \u0130Y\u0130 B\u0130R H\u0130ZMET VEREB\u0130LMEK \u0130\u00c7\u0130N<\/div>\r\n\t\t<p>BU ALAN G\u00dcNCELLENMEKTED\u0130R&#8230;<\/p>\r\n\t\t<div class=\"social-team1\">\r\n\t\t\t<ul class=\"team-social\">\r\n\t\t\t\t\t\t\t\t<li class=\"icon-team\">\r\n\t\t\t\t\t<a href=\"#\" target=\"_blank\"><i class=\"fa fa-twitter\"><\/i><\/a>\t\t\t\t<\/li>\r\n\t\t\t\t\t\t\t\t\t\t\t\t<li class=\"icon-team\">\r\n\t\t\t\t\t<a href=\"#\" target=\"_blank\"><i class=\"fa fa-skype\"><\/i><\/a>\t\t\t\t<\/li>\r\n\t\t\t\t\t\t\t\t\t\t\t\t<li class=\"icon-team\">\r\n\t\t\t\t\t<a href=\"#\" target=\"_blank\"><i class=\"fa fa-github\"><\/i><\/a>\t\t\t\t<\/li>\r\n\t\t\t\t\t\t\t\t\t\t\t<\/ul>\t\r\n\t\t<\/div>\r\n\t<\/div>\r\n\r\n\t[vc_empty_space el_class=&#8221;clearfix&#8221;]\r\n\t<div class=\"team-info\">\r\n\t\t<div class=\"team-img\">\r\n\t\t\t<img src=\"https:\/\/efevincisletme.com\/wp-content\/uploads\/2020\/08\/labeled-diagram-of-a-crane-truck-wiring-diagram-pass.jpg\" alt=\"\"\/>\r\n\t\t<\/div>\r\n\t\t<h6>STRATEJ\u0130M\u0130Z<\/h6>\r\n\t\t<div class=\"team-subtext\">DAHA \u0130Y\u0130 B\u0130R H\u0130ZMET VERTEB\u0130LMEK \u0130\u00c7\u0130N<\/div>\r\n\t\t<p>BU ALAN G\u00dcNCELLENMEKTED\u0130R&#8230;<\/p>\r\n\t\t<div class=\"social-team\">\r\n\t\t\t<ul class=\"team-social\">\r\n\t\t\t\t\t\t\t\t<li class=\"icon-team\">\r\n\t\t\t\t\t<a href=\"#\" target=\"_blank\"><i class=\"fa fa-twitter\"><\/i><\/a>\t\t\t\t<\/li>\r\n\t\t\t\t\t\t\t\t\t\t\t\t<li class=\"icon-team\">\r\n\t\t\t\t\t<a href=\"#\" target=\"_blank\"><i class=\"fa fa-skype\"><\/i><\/a>\t\t\t\t<\/li>\r\n\t\t\t\t\t\t\t\t\t\t\t\t<li class=\"icon-team\">\r\n\t\t\t\t\t<a href=\"#\" target=\"_blank\"><i class=\"fa fa-github\"><\/i><\/a>\t\t\t\t<\/li>\r\n\t\t\t\t\t\t\t\t\t\t\t\t<li class=\"icon-team\">\r\n\t\t\t\t\t<a href=\"#\" target=\"_blank\"><i class=\"fa fa-linkedin\"><\/i><\/a>\t\t\t\t<\/li>\r\n\t\t\t\t\t\t\t<\/ul>\t\r\n\t\t<\/div>\r\n\t<\/div>\r\n\r\n\t[vc_empty_space height=&#8221;50px&#8221; el_class=&#8221;clearfix&#8221;][\/vc_column_inner][\/vc_row_inner][\/vc_column][\/vc_row][vc_row foot=&#8221;yes&#8221; fullwidth=&#8221;true&#8221; el_id=&#8221;services&#8221; css=&#8221;.vc_custom_1437832070164{background-color: #ffffff !important;}&#8221;][vc_column][vc_row_inner css=&#8221;.vc_custom_1598540098684{background-image: url(http:\/\/efevincisletme.com\/wp-content\/uploads\/2020\/08\/3.jpg?id=555) !important;background-position: center !important;background-repeat: no-repeat !important;background-size: cover !important;}&#8221;][vc_column_inner]\t\r\n\t<div class=\"head-page\">\r\n\t\t<h1 style=\"\">REFERANSLARIMIZ<\/h1>\t\t<div class=\"sep-center\" style=\"\"><\/div> \r\n\t\t<p style=\"\">Bitirdi\u011fimiz ve Devam Eden \u0130\u015flerimiz<\/p>\t<\/div>\r\n\r\n\t[\/vc_column_inner][\/vc_row_inner][vc_row_inner css=&#8221;.vc_custom_1434338509814{padding-top: 50px !important;}&#8221;][vc_column_inner width=&#8221;1\/3&#8243;][vc_single_image image=&#8221;636&#8243; img_size=&#8221;full&#8221; title=&#8221;KALYON PV&#8221;][\/vc_column_inner][vc_column_inner width=&#8221;1\/3&#8243;][vc_single_image image=&#8221;628&#8243; img_size=&#8221;full&#8221; title=&#8221;PROF\u0130L METAL&#8221;][\/vc_column_inner][vc_column_inner width=&#8221;1\/3&#8243;][vc_single_image image=&#8221;629&#8243; img_size=&#8221;full&#8221; title=&#8221;BA\u015eKENT EMLAK&#8221;][\/vc_column_inner][\/vc_row_inner][\/vc_column][\/vc_row][vc_row foot=&#8221;yes&#8221; fullwidth=&#8221;true&#8221; el_id=&#8221;work&#8221; css=&#8221;.vc_custom_1437832079975{background-color: #ffffff !important;}&#8221;][vc_column][vc_row_inner css=&#8221;.vc_custom_1434342444875{background-image: url(http:\/\/efevincisletme.com\/wp-content\/uploads\/2015\/06\/6.jpg?id=469) !important;background-position: center !important;background-repeat: no-repeat !important;background-size: cover !important;}&#8221;][vc_column_inner]\t\r\n\t<div class=\"head-page\">\r\n\t\t<h1 style=\"\">GALER\u0130<\/h1>\t\t<div class=\"sep-center\" style=\"\"><\/div> \r\n\t\t<p style=\"\">YAPTI\u011eIMIZ \u0130\u015eLERDEN \u00d6RNEKLER<\/p>\t<\/div>\r\n\r\n\t[\/vc_column_inner][\/vc_row_inner][vc_row_inner css=&#8221;.vc_custom_1434344944864{padding-top: 30px !important;padding-bottom: 50px !important;}&#8221;][vc_column_inner]\r\n\t<div id=\"portfolio-filter\">\r\n\t\t<ul id=\"filter\">\r\n\t\t\t<li><a href=\"#\" class=\"current\" data-filter=\"*\" title=\"\">hepsi<\/a><\/li>\r\n\t\t\t\r\n\t\t\t<li><a href=\"#\" data-filter=\".galeri\">Galeri<\/a><\/li>\r\n\r\n\t\t\t\t\t<\/ul>\r\n\t<\/div>\r\n\t<ul class=\"portfolio-wrap\">\r\n\t\t\t\t<li class=\"four columns portfolio-box galeri \">\t\r\n\t\t\t<a class=\"iframe group1\" href=\"https:\/\/efevincisletme.com\/?portfolio=590-2\">\r\n\t\t\t\t<img src=\"https:\/\/efevincisletme.com\/wp-content\/uploads\/2020\/08\/WhatsApp-Image-2020-08-19-at-16.46.51-1.jpeg\" alt=\"\" \/>\r\n\t\t\t\t<div class=\"mask\"><\/div>\r\n\t\t\t\t<h4><\/h4>\r\n\t\t\t<\/a>\r\n\t\t<\/li>\r\n\t\t\t\t<li class=\"four columns portfolio-box galeri \">\t\r\n\t\t\t<a class=\"iframe group1\" href=\"https:\/\/efevincisletme.com\/?portfolio=588-2\">\r\n\t\t\t\t<img src=\"https:\/\/efevincisletme.com\/wp-content\/uploads\/2020\/08\/WhatsApp-Image-2020-08-19-at-16.46.51.jpeg\" alt=\"\" \/>\r\n\t\t\t\t<div class=\"mask\"><\/div>\r\n\t\t\t\t<h4><\/h4>\r\n\t\t\t<\/a>\r\n\t\t<\/li>\r\n\t\t\t\t<li class=\"four columns portfolio-box galeri \">\t\r\n\t\t\t<a class=\"iframe group1\" href=\"https:\/\/efevincisletme.com\/?portfolio=583-2\">\r\n\t\t\t\t<img src=\"https:\/\/efevincisletme.com\/wp-content\/uploads\/2020\/08\/WhatsApp-Image-2020-08-19-at-16.46.50-1.jpeg\" alt=\"\" \/>\r\n\t\t\t\t<div class=\"mask\"><\/div>\r\n\t\t\t\t<h4><\/h4>\r\n\t\t\t<\/a>\r\n\t\t<\/li>\r\n\t\t\t\t<li class=\"four columns portfolio-box galeri \">\t\r\n\t\t\t<a class=\"iframe group1\" href=\"https:\/\/efevincisletme.com\/?portfolio=581-2\">\r\n\t\t\t\t<img src=\"https:\/\/efevincisletme.com\/wp-content\/uploads\/2020\/08\/WhatsApp-Image-2020-08-19-at-16.46.50.jpeg\" alt=\"\" \/>\r\n\t\t\t\t<div class=\"mask\"><\/div>\r\n\t\t\t\t<h4><\/h4>\r\n\t\t\t<\/a>\r\n\t\t<\/li>\r\n\t\t\t\t<li class=\"four columns portfolio-box galeri \">\t\r\n\t\t\t<a class=\"iframe group1\" href=\"https:\/\/efevincisletme.com\/?portfolio=579-2\">\r\n\t\t\t\t<img src=\"https:\/\/efevincisletme.com\/wp-content\/uploads\/2020\/08\/WhatsApp-Image-2020-08-19-at-16.46.49-1.jpeg\" alt=\"\" \/>\r\n\t\t\t\t<div class=\"mask\"><\/div>\r\n\t\t\t\t<h4><\/h4>\r\n\t\t\t<\/a>\r\n\t\t<\/li>\r\n\t\t\t\t<li class=\"four columns portfolio-box galeri \">\t\r\n\t\t\t<a class=\"iframe group1\" href=\"https:\/\/efevincisletme.com\/?portfolio=578-2\">\r\n\t\t\t\t<img src=\"https:\/\/efevincisletme.com\/wp-content\/uploads\/2014\/03\/WhatsApp-Image-2020-08-19-at-16.46.49.jpeg\" alt=\"\" \/>\r\n\t\t\t\t<div class=\"mask\"><\/div>\r\n\t\t\t\t<h4><\/h4>\r\n\t\t\t<\/a>\r\n\t\t<\/li>\r\n\t\t\r\n\t<\/ul>\r\n\r\n\t[\/vc_column_inner][\/vc_row_inner][\/vc_column][\/vc_row][vc_row foot=&#8221;yes&#8221; fullwidth=&#8221;true&#8221; el_id=&#8221;contact&#8221;][vc_column][vc_row_inner css=&#8221;.vc_custom_1434427927932{background-image: url(http:\/\/efevincisletme.com\/wp-content\/uploads\/2015\/06\/8.jpg?id=499) !important;background-position: center !important;background-repeat: no-repeat !important;background-size: cover !important;}&#8221;][vc_column_inner]\t\r\n\t<div class=\"head-page\">\r\n\t\t<h1 style=\"\">\u0130LET\u0130\u015e\u0130M<\/h1>\t\t<div class=\"sep-center\" style=\"\"><\/div> \r\n\t\t<p style=\"\">\u0130LET\u0130\u015e\u0130M B\u0130LG\u0130LER\u0130M\u0130Z<\/p>\t<\/div>\r\n\r\n\t[\/vc_column_inner][\/vc_row_inner][vc_row_inner css=&#8221;.vc_custom_1434428246705{padding-top: 50px !important;padding-bottom: 50px !important;}&#8221;][vc_column_inner width=&#8221;7\/12&#8243;]<div role=\"form\" class=\"wpcf7\" id=\"wpcf7-f8-o1\" lang=\"tr-TR\" dir=\"ltr\">\n<div class=\"screen-reader-response\"><p role=\"status\" aria-live=\"polite\" aria-atomic=\"true\"><\/p> <ul><\/ul><\/div>\n<form action=\"\/index.php?rest_route=%2Fwp%2Fv2%2Fpages%2F500#wpcf7-f8-o1\" method=\"post\" class=\"wpcf7-form init\" novalidate=\"novalidate\" data-status=\"init\">\n<div style=\"display: none;\">\n<input type=\"hidden\" name=\"_wpcf7\" value=\"8\" \/>\n<input type=\"hidden\" name=\"_wpcf7_version\" value=\"5.4.2\" \/>\n<input type=\"hidden\" name=\"_wpcf7_locale\" value=\"tr_TR\" \/>\n<input type=\"hidden\" name=\"_wpcf7_unit_tag\" value=\"wpcf7-f8-o1\" \/>\n<input type=\"hidden\" name=\"_wpcf7_container_post\" value=\"0\" \/>\n<input type=\"hidden\" name=\"_wpcf7_posted_data_hash\" value=\"\" \/>\n<\/div>\n<p><label> \u0130sminiz (required)<br \/>\n    <span class=\"wpcf7-form-control-wrap your-name\"><input type=\"text\" name=\"your-name\" value=\"\" size=\"40\" class=\"wpcf7-form-control wpcf7-text wpcf7-validates-as-required\" aria-required=\"true\" aria-invalid=\"false\" \/><\/span> <\/label><\/p>\n<p><label> E-Postan\u0131z (required)<br \/>\n    <span class=\"wpcf7-form-control-wrap your-email\"><input type=\"email\" name=\"your-email\" value=\"\" size=\"40\" class=\"wpcf7-form-control wpcf7-text wpcf7-email wpcf7-validates-as-required wpcf7-validates-as-email\" aria-required=\"true\" aria-invalid=\"false\" \/><\/span> <\/label><\/p>\n<p><label> Konu<br \/>\n    <span class=\"wpcf7-form-control-wrap your-subject\"><input type=\"text\" name=\"your-subject\" value=\"\" size=\"40\" class=\"wpcf7-form-control wpcf7-text\" aria-invalid=\"false\" \/><\/span> <\/label><\/p>\n<p><label> Mesaj\u0131n\u0131z<br \/>\n    <span class=\"wpcf7-form-control-wrap your-message\"><textarea name=\"your-message\" cols=\"40\" rows=\"10\" class=\"wpcf7-form-control wpcf7-textarea\" aria-invalid=\"false\"><\/textarea><\/span> <\/label><\/p>\n<p><input type=\"submit\" value=\"G\u00f6nder\" class=\"wpcf7-form-control wpcf7-submit\" \/><\/p>\n<div class=\"wpcf7-response-output\" aria-hidden=\"true\"><\/div><\/form><\/div>[\/vc_column_inner][vc_column_inner width=&#8221;5\/12&#8243;]<h6 style=\"\">\u0130LET\u0130\u015e\u0130M B\u0130LG\u0130LER\u0130M\u0130Z<\/h6>\t\r\n\t<div class=\"con-info\">\r\n\t\t<div class=\"con-icon\"><i class=\"fa fa-map-marker\"><\/i><\/div>\n<p style=\"text-align: left;\"><strong>Ba\u015fkent OSB 19.Cadde No: 58 06909 Malik\u00f6y\/Ankara<\/strong><\/p>\n<p>\t<\/div>\r\n\r\n\t\t\r\n\t<div class=\"con-info\">\r\n\t\t<div class=\"con-icon\"><i class=\"fa fa-phone\"><\/i><\/div>\n<p style=\"text-align: left;\"><strong>\u015eener DURUKAN 0 (542) 296 20 74\u00a0 &#8211;\u00a0 \u00a0 \u00a0 \u00a0 \u00a0 \u00a0 \u00a0 \u00a0 \u00a0 \u00a0 \u00a0 \u00a0 \u00a0 \u00a0 \u00a0 \u00a0 \u00a0 \u00a0 \u00a0 \u00a0 \u00a0 \u00a0 \u00a0 \u00a0 \u00a0 \u00a0 \u00a0U\u011fur DURUKAN\u00a0 0 (507) 463 03 12<\/strong><\/p>\n<p>\t<\/div>\r\n\r\n\t\t\r\n\t<div class=\"con-info\">\r\n\t\t<div class=\"con-icon\"><i class=\"fa fa-envelope\"><\/i><\/div>\n<p style=\"text-align: left;\"><strong>durukansener@gmail.com<\/strong><\/p>\n<p>\t<\/div>\r\n\r\n\t\t\r\n\t<div class=\"con-info\">\r\n\t\t<div class=\"con-icon\"><i class=\"fa fa-globe\"><\/i><\/div>\n<p style=\"text-align: left;\"><strong>www.efevincisletme.com<\/strong><\/p>\n<p>\t<\/div>\r\n\r\n\t[\/vc_column_inner][\/vc_row_inner][vc_gmaps link=&#8221;#E-8_JTNDaWZyYW1lJTIwc3JjJTNEJTIyaHR0cHMlM0ElMkYlMkZ3d3cuZ29vZ2xlLmNvbSUyRm1hcHMlMkZlbWJlZCUzRnBiJTNEJTIxMW0xOCUyMTFtMTIlMjExbTMlMjExZDMwNjQuOTcyODgxMjQ2Mzc1JTIxMmQzMi4zODMxNzUzMTU2NTQwNSUyMTNkMzkuODA3NjAwMTAwMzgyNDIlMjEybTMlMjExZjAlMjEyZjAlMjEzZjAlMjEzbTIlMjExaTEwMjQlMjEyaTc2OCUyMTRmMTMuMSUyMTNtMyUyMTFtMiUyMTFzMHgxNGQzMzBkNTQ3N2EwZjMxJTI1M0EweGI5NjgxMWIyODZhZjEwMjQlMjEyc0JhJTI1QzUlMjU5RmtlbnQlMjUyME9yZ2FuaXplJTI1MjBTYW5heWklMjUyMEIlMjVDMyUyNUI2bGdlc2klMjE1ZTAlMjEzbTIlMjExc3RyJTIxMnN0ciUyMTR2MTU5ODQ1NjMwMDE3OSUyMTVtMiUyMTFzdHIlMjEyc3RyJTIyJTIwd2lkdGglM0QlMjI2MDAlMjIlMjBoZWlnaHQlM0QlMjI0NTAlMjIlMjBmcmFtZWJvcmRlciUzRCUyMjAlMjIlMjBzdHlsZSUzRCUyMmJvcmRlciUzQTAlM0IlMjIlMjBhbGxvd2Z1bGxzY3JlZW4lM0QlMjIlMjIlMjBhcmlhLWhpZGRlbiUzRCUyMmZhbHNlJTIyJTIwdGFiaW5kZXglM0QlMjIwJTIyJTNFJTNDJTJGaWZyYW1lJTNF&#8221;][\/vc_column][\/vc_row]<\/p>\n","protected":false},"excerpt":{"rendered":"<p>[vc_row fullwidth=&#8221;true&#8221;][vc_column][\/vc_column][\/vc_row][vc_row foot=&#8221;yes&#8221; fullwidth=&#8221;true&#8221; el_id=&#8221;about&#8221;][vc_column][vc_row_inner css=&#8221;.vc_custom_1598540152834{background-image: url(http:\/\/efevincisletme.com\/wp-content\/uploads\/2020\/08\/2.jpg?id=554) !important;background-position: center !important;background-repeat: no-repeat !important;background-size: cover !important;}&#8221;][vc_column_inner][\/vc_column_inner][\/vc_row_inner][vc_row_inner css=&#8221;.vc_custom_1434100302866{padding-top: 50px !important;}&#8221;][vc_column_inner width=&#8221;1\/2&#8243;][vc_column_text]BU ALAN G\u00dcNDELLENMEKTED\u0130R&#8230;[\/vc_column_text][\/vc_column_inner][vc_column_inner width=&#8221;1\/2&#8243;][\/vc_column_inner][\/vc_row_inner][vc_row_inner][vc_column_inner width=&#8221;1\/2&#8243;][vc_single_image image=&#8221;564&#8243; img_size=&#8221;full&#8221; alignment=&#8221;center&#8221;][\/vc_column_inner][vc_column_inner width=&#8221;1\/2&#8243;][vc_column_text css=&#8221;.vc_custom_1434103734139{margin-bottom: 0px !important;}&#8221;]WE&#8217;RE A CLOSE TEAM OF CREATIVES, DESIGNERS &amp; DEVELOPERS WHO WORK TOGETHER TO CREATE BEAUTIFUL, ENGAGING DIGITAL EXPERIENCES. Cum sociis natoque penatibus et magnis dis parturient montes, [&hellip;]<\/p>\n","protected":false},"author":1,"featured_media":0,"parent":0,"menu_order":0,"comment_status":"open","ping_status":"closed","template":"page-templates\/template-canvas.php","meta":[],"_links":{"self":[{"href":"https:\/\/efevincisletme.com\/index.php?rest_route=\/wp\/v2\/pages\/500"}],"collection":[{"href":"https:\/\/efevincisletme.com\/index.php?rest_route=\/wp\/v2\/pages"}],"about":[{"href":"https:\/\/efevincisletme.com\/index.php?rest_route=\/wp\/v2\/types\/page"}],"author":[{"embeddable":true,"href":"https:\/\/efevincisletme.com\/index.php?rest_route=\/wp\/v2\/users\/1"}],"replies":[{"embeddable":true,"href":"https:\/\/efevincisletme.com\/index.php?rest_route=%2Fwp%2Fv2%2Fcomments&post=500"}],"version-history":[{"count":54,"href":"https:\/\/efevincisletme.com\/index.php?rest_route=\/wp\/v2\/pages\/500\/revisions"}],"predecessor-version":[{"id":643,"href":"https:\/\/efevincisletme.com\/index.php?rest_route=\/wp\/v2\/pages\/500\/revisions\/643"}],"wp:attachment":[{"href":"https:\/\/efevincisletme.com\/index.php?rest_route=%2Fwp%2Fv2%2Fmedia&parent=500"}],"curies":[{"name":"wp","href":"https:\/\/api.w.org\/{rel}","templated":true}]}}